{"id":1128,"date":"2025-06-14T18:27:24","date_gmt":"2025-06-14T16:27:24","guid":{"rendered":"http:\/\/exhibition-telling.com\/?page_id=1128"},"modified":"2025-06-14T18:45:28","modified_gmt":"2025-06-14T16:45:28","slug":"auf-augenhoehe-erzaehlen","status":"publish","type":"page","link":"http:\/\/exhibition-telling.com\/?page_id=1128","title":{"rendered":"Auf Augenh\u00f6he erz\u00e4hlen"},"content":{"rendered":"\n<p>Wenn man mich fragen w\u00fcrde, sag, Ariane, was w\u00e4re die <em>eine<\/em> Erkenntnis, die du uns unbedingt mitgeben m\u00f6chtest, wenn es um das Geschichtenerz\u00e4hlen im Museum geht? Nicht eine Sekunde lang w\u00fcrde ich z\u00f6gern und antworten: dass man Geschichten nur auf Augenh\u00f6he erz\u00e4hlen kann.<\/p>\n\n\n\n<p>Klar, du kannst es auch anders versuchen, dich aufplustern und gro\u00dfmachen oder versuchen, m\u00f6glichst intelligent zu schauen und klug zu klingen. Aber sehr wahrscheinlich werden deine Zuh\u00f6rer:innen die Beine in die Hand nehmen oder auf Durchzug schalten. Sie werden vor dir sitzen wie Schwimmtiere, aus denen langsam, aber sicher die Luft entweicht.<\/p>\n\n\n\n<p>Wir Kurator:innen verschwinden, wenn die Ausstellung fertiggestellt ist, von der B\u00fchne, wie Werner Hanak es nennt. Deshalb sehen wir den glasigen Blick unserer Besucher:innen nicht, wenn sie Texte lesen, die versuchen, ihnen etwas beizubringen. Geschichten dozieren nicht.<\/p>\n\n\n\n<p>Geschichten sind Lagerfeuer. Geschichten sind \u201eHey, ich muss dir unbedingt etwas erz\u00e4hlen.\u201c Geschichten sind ansteckend. Geschichten werden weitergereicht wie hei\u00dfe, fettige Pfannkuchen: \u201eDie musst du probieren!\u201c Geschichten sind lecker. Geschichten sind \u201eDa sieht mich jemand.\u201c<\/p>\n\n\n\n<p class=\"has-small-font-size\">Hanak-Lettner, W. (2011) <em>Die Ausstellung als Drama. Wie das Museum aus dem Theater entstand<\/em>. Bielefeld: transcript.<\/p>\n","protected":false},"excerpt":{"rendered":"<p>Wenn man mich fragen w\u00fcrde, sag, Ariane, was w\u00e4re die eine Erkenntnis, die du uns unbedingt mitgeben m\u00f6chtest, wenn es um das Geschichtenerz\u00e4hlen im Museum geht? Nicht eine Sekunde lang w\u00fcrde ich z\u00f6gern und antworten: dass man Geschichten nur auf Augenh\u00f6he erz\u00e4hlen kann. Klar, du kannst es auch anders versuchen, dich aufplustern und gro\u00dfmachen oder&hellip; <a class=\"more-link\" href=\"http:\/\/exhibition-telling.com\/?page_id=1128\">Weiterlesen <span class=\"screen-reader-text\">Auf Augenh\u00f6he erz\u00e4hlen<\/span> <span class=\"meta-nav\" aria-hidden=\"true\">&rarr;<\/span><\/a><\/p>\n","protected":false},"author":1,"featured_media":0,"parent":1124,"menu_order":0,"comment_status":"closed","ping_status":"closed","template":"","meta":[],"_links":{"self":[{"href":"http:\/\/exhibition-telling.com\/index.php?rest_route=\/wp\/v2\/pages\/1128"}],"collection":[{"href":"http:\/\/exhibition-telling.com\/index.php?rest_route=\/wp\/v2\/pages"}],"about":[{"href":"http:\/\/exhibition-telling.com\/index.php?rest_route=\/wp\/v2\/types\/page"}],"author":[{"embeddable":true,"href":"http:\/\/exhibition-telling.com\/index.php?rest_route=\/wp\/v2\/users\/1"}],"replies":[{"embeddable":true,"href":"http:\/\/exhibition-telling.com\/index.php?rest_route=%2Fwp%2Fv2%2Fcomments&post=1128"}],"version-history":[{"count":3,"href":"http:\/\/exhibition-telling.com\/index.php?rest_route=\/wp\/v2\/pages\/1128\/revisions"}],"predecessor-version":[{"id":1139,"href":"http:\/\/exhibition-telling.com\/index.php?rest_route=\/wp\/v2\/pages\/1128\/revisions\/1139"}],"up":[{"embeddable":true,"href":"http:\/\/exhibition-telling.com\/index.php?rest_route=\/wp\/v2\/pages\/1124"}],"wp:attachment":[{"href":"http:\/\/exhibition-telling.com\/index.php?rest_route=%2Fwp%2Fv2%2Fmedia&parent=1128"}],"curies":[{"name":"wp","href":"https:\/\/api.w.org\/{rel}","templated":true}]}}