{"id":1145,"date":"2025-06-17T08:44:41","date_gmt":"2025-06-17T06:44:41","guid":{"rendered":"http:\/\/exhibition-telling.com\/?page_id=1145"},"modified":"2025-06-17T08:44:42","modified_gmt":"2025-06-17T06:44:42","slug":"das-breite-publikum","status":"publish","type":"page","link":"http:\/\/exhibition-telling.com\/?page_id=1145","title":{"rendered":"Das breite Publikum"},"content":{"rendered":"\n<p>Gute Geschichten k\u00f6nnen mehrdeutig sein: so vertrackt, dass es beim Zuschauen oder Zuh\u00f6ren in unseren Gehirnwindungen knackt oder so flirrend, dass wir verzaubert unseren Assoziationen nachsinnen. F\u00fcr einige sind Geschichten dieser Art unglaublich interessant. F\u00fcr viele jedoch ein R\u00e4tsel, das sie abschreckt und \u00fcberfordert.<\/p>\n\n\n\n<p>Deshalb vermittele ich in meinen Workshops Werkzeuge, die einem breiten Publikum erleichtern, die einzelnen Puzzleteile in Ausstellungen sinnvoll zusammenzuf\u00fcgen. Zu verstehen, was sie sehen.<\/p>\n\n\n\n<p>Und nein, leicht nachvollziehbare und m\u00f6glichst eindeutige Erz\u00e4hlungen m\u00fcssen nicht bedeuten, das Publikum zu bevormunden. Anderen Menschen&nbsp; vorzuschreiben, was sie denken sollen.<\/p>\n\n\n\n<p>Es bedeutet anzuerkennen, dass Ausstellungen ein verdammt anspruchsvolles Medium sind.<br>Kino: Kasse \u2013 Popcorn \u2013 Vorhang auf.<br>Museum: Kasse \u2013 \u00e4h, wo beginnt die Ausstellung? \u2013 ach, es gibt einen Audioguide \u2013 puh, der Text ist aber lang, muss ich den lesen und zu welchem Objekt geh\u00f6rt der eigentlich?<\/p>\n\n\n\n<p>Es bedeutet zu respektieren, dass f\u00fcr viele Menschen ein gelungenes Kulturangebot eines ist, dessen Inhalt bzw. Handlung sie leicht nachvollziehen k\u00f6nnen. Thomas Renz ist zu dieser Erkenntnis in seiner Studie zu Gelegenheitsbesucher:innen von Theaterauff\u00fchrungen gelangt. \u201eDie Notwendigkeit der eigenen Interpretationsleistung wird als negativer Zwang empfunden\u201c, schreibt er. Nachvollziehbare Gr\u00fcnde sind dort nachzulesen.<\/p>\n\n\n\n<p>Es bedeutet, fr\u00f6hlich dazu zu stehen, dass auch viele von uns (Kurator:innen, Museumsdirektor:innen, Kulturpolitker:innen usw.) gerne und h\u00e4ufig unterhaltsame Medien konsumieren: Netflix, True Crime, Harry Potter \u2013 you name it. Das breite Publikum? Das sind wir.<\/p>\n\n\n\n<p class=\"has-small-font-size\">Renz, Thomas (2016) <em>Nicht-Besucherforschung: die F\u00f6rderung kultureller Teilhabe durch Audi\u00adence Development<\/em>. Bielefeld: transcript.<\/p>\n","protected":false},"excerpt":{"rendered":"<p>Gute Geschichten k\u00f6nnen mehrdeutig sein: so vertrackt, dass es beim Zuschauen oder Zuh\u00f6ren in unseren Gehirnwindungen knackt oder so flirrend, dass wir verzaubert unseren Assoziationen nachsinnen. F\u00fcr einige sind Geschichten dieser Art unglaublich interessant. F\u00fcr viele jedoch ein R\u00e4tsel, das sie abschreckt und \u00fcberfordert. Deshalb vermittele ich in meinen Workshops Werkzeuge, die einem breiten Publikum&hellip; <a class=\"more-link\" href=\"http:\/\/exhibition-telling.com\/?page_id=1145\">Weiterlesen <span class=\"screen-reader-text\">Das breite Publikum<\/span> <span class=\"meta-nav\" aria-hidden=\"true\">&rarr;<\/span><\/a><\/p>\n","protected":false},"author":1,"featured_media":0,"parent":0,"menu_order":0,"comment_status":"closed","ping_status":"closed","template":"","meta":[],"_links":{"self":[{"href":"http:\/\/exhibition-telling.com\/index.php?rest_route=\/wp\/v2\/pages\/1145"}],"collection":[{"href":"http:\/\/exhibition-telling.com\/index.php?rest_route=\/wp\/v2\/pages"}],"about":[{"href":"http:\/\/exhibition-telling.com\/index.php?rest_route=\/wp\/v2\/types\/page"}],"author":[{"embeddable":true,"href":"http:\/\/exhibition-telling.com\/index.php?rest_route=\/wp\/v2\/users\/1"}],"replies":[{"embeddable":true,"href":"http:\/\/exhibition-telling.com\/index.php?rest_route=%2Fwp%2Fv2%2Fcomments&post=1145"}],"version-history":[{"count":1,"href":"http:\/\/exhibition-telling.com\/index.php?rest_route=\/wp\/v2\/pages\/1145\/revisions"}],"predecessor-version":[{"id":1146,"href":"http:\/\/exhibition-telling.com\/index.php?rest_route=\/wp\/v2\/pages\/1145\/revisions\/1146"}],"wp:attachment":[{"href":"http:\/\/exhibition-telling.com\/index.php?rest_route=%2Fwp%2Fv2%2Fmedia&parent=1145"}],"curies":[{"name":"wp","href":"https:\/\/api.w.org\/{rel}","templated":true}]}}