{"id":1153,"date":"2025-06-18T10:26:13","date_gmt":"2025-06-18T08:26:13","guid":{"rendered":"http:\/\/exhibition-telling.com\/?page_id=1153"},"modified":"2025-06-18T10:40:01","modified_gmt":"2025-06-18T08:40:01","slug":"emmentaler-reverse","status":"publish","type":"page","link":"http:\/\/exhibition-telling.com\/?page_id=1153","title":{"rendered":"Emmentaler reverse"},"content":{"rendered":"\n<p>Die wichtigste Erkenntnis aus meiner Forschung in einem Satz zusammengefasst? \u201eAusstellungen sind krass fragmentarisch.\u201c Emmentaler, aber r<em>everse<\/em>: viele L\u00f6cher mit wenig K\u00e4se. Zwischen Vitrine und Vitrine, Objekt und Objekt, Objekt und Text, Raum und Raum \u2013 L\u00fccken. Zwischen lesen, h\u00f6ren, nachdenken, sich unterhalten, betrachten \u2013 Br\u00fcche.<\/p>\n\n\n\n<p>Wenn man Geschichten als \u201eSinnzusammenh\u00e4nge\u201c (gro\u00dfartige Definition!) versteht, sind die Bedeutungsteppiche in Ausstellungen locker gewebt. Immer. Das Medium Film kann beides: ineinanderflie\u00dfende Bildfolgen <em>und<\/em> unverkn\u00fcpft aufeinanderfolgende Szenen. Das Medium Ausstellung ist st\u00f6rrischer. &nbsp;Von Natur aus. Die Dinge (!) stehen eher neben- als miteinander.<\/p>\n\n\n\n<p>Eigentlich nichts Neues. Aber meiner Beobachtung nach wird dieser Punkt immer noch zu wenig ber\u00fccksichtigt.<\/p>\n\n\n\n<p>Ein Grund ist, dass wir Ausstellungsmacher:innen in die Themen tief eingearbeitet sind und unsere Werke in- und auswendig kennen. Deshalb stellen wir Verkn\u00fcpfungen mit Leichtigkeit her. Wir wissen: ein bestimmtes Objekt in Raum 1 kann und sollte mit diesen und jenen Informationen in den folgenden R\u00e4umen verbunden werden. Fehlende Informationen erg\u00e4nzen wir unbewusst. <\/p>\n\n\n\n<p>Das erschwert unseren Blick darauf, wie immens die Herausforderung f\u00fcr Besucher:innen ist, diese Verkn\u00fcpfungen ebenfalls herzustellen. Nicht nur, weil f\u00fcr viele von ihnen die Inhalte neu sind. Sondern auch, weil sie nicht wissen <em>k\u00f6nnen<\/em>, welche Informationen in den anderen R\u00e4umen auf sie warten. Und wenn sie dort angekommen sind, haben sie oft nicht mehr pr\u00e4sent, was sie zuvor bereits gesehen oder gelesen oder geh\u00f6rt haben. <\/p>\n\n\n\n<p>Wir sehen den K\u00e4se, das Publikum die L\u00f6cher.&nbsp;<\/p>\n","protected":false},"excerpt":{"rendered":"<p>Die wichtigste Erkenntnis aus meiner Forschung in einem Satz zusammengefasst? \u201eAusstellungen sind krass fragmentarisch.\u201c Emmentaler, aber reverse: viele L\u00f6cher mit wenig K\u00e4se. Zwischen Vitrine und Vitrine, Objekt und Objekt, Objekt und Text, Raum und Raum \u2013 L\u00fccken. Zwischen lesen, h\u00f6ren, nachdenken, sich unterhalten, betrachten \u2013 Br\u00fcche. Wenn man Geschichten als \u201eSinnzusammenh\u00e4nge\u201c (gro\u00dfartige Definition!) versteht, sind&hellip; <a class=\"more-link\" href=\"http:\/\/exhibition-telling.com\/?page_id=1153\">Weiterlesen <span class=\"screen-reader-text\">Emmentaler reverse<\/span> <span class=\"meta-nav\" aria-hidden=\"true\">&rarr;<\/span><\/a><\/p>\n","protected":false},"author":1,"featured_media":0,"parent":0,"menu_order":0,"comment_status":"closed","ping_status":"closed","template":"","meta":[],"_links":{"self":[{"href":"http:\/\/exhibition-telling.com\/index.php?rest_route=\/wp\/v2\/pages\/1153"}],"collection":[{"href":"http:\/\/exhibition-telling.com\/index.php?rest_route=\/wp\/v2\/pages"}],"about":[{"href":"http:\/\/exhibition-telling.com\/index.php?rest_route=\/wp\/v2\/types\/page"}],"author":[{"embeddable":true,"href":"http:\/\/exhibition-telling.com\/index.php?rest_route=\/wp\/v2\/users\/1"}],"replies":[{"embeddable":true,"href":"http:\/\/exhibition-telling.com\/index.php?rest_route=%2Fwp%2Fv2%2Fcomments&post=1153"}],"version-history":[{"count":2,"href":"http:\/\/exhibition-telling.com\/index.php?rest_route=\/wp\/v2\/pages\/1153\/revisions"}],"predecessor-version":[{"id":1162,"href":"http:\/\/exhibition-telling.com\/index.php?rest_route=\/wp\/v2\/pages\/1153\/revisions\/1162"}],"wp:attachment":[{"href":"http:\/\/exhibition-telling.com\/index.php?rest_route=%2Fwp%2Fv2%2Fmedia&parent=1153"}],"curies":[{"name":"wp","href":"https:\/\/api.w.org\/{rel}","templated":true}]}}