{"id":1222,"date":"2025-11-19T09:45:20","date_gmt":"2025-11-19T08:45:20","guid":{"rendered":"http:\/\/exhibition-telling.com\/?page_id=1222"},"modified":"2025-11-19T09:45:21","modified_gmt":"2025-11-19T08:45:21","slug":"mit-leichten-fuessen","status":"publish","type":"page","link":"http:\/\/exhibition-telling.com\/?page_id=1222","title":{"rendered":"Mit leichten F\u00fc\u00dfen"},"content":{"rendered":"\n<p>Spannung ist dynamisch. Spannung ist Vorw\u00e4rtsbewegung. Was kommt als N\u00e4chstes? Wie bewege ich die Leser:innen dazu, die Seite umzudrehen, wie die Besucher:innen zum n\u00e4chsten Schritt? Nicht zwingend, sondern um die Entscheidung zu erleichtern.<\/p>\n\n\n\n<p>In Filmen wird Spannung oft \u00fcber Handlung produziert. Was <em>passiert<\/em> als N\u00e4chstes? In Ausstellungen kann das ebenfalls gelingen \u2013 zum Beispiel, indem eine Figur in den Mittelpunkt gestellt wird: Was hat diese <em>dann<\/em> getan? Ausstellungen sind jedoch schwerf\u00e4lliger als Filme, statisch.<\/p>\n\n\n\n<p>Deshalb kann es sinnvoll sein, sich von konkreten Drehbuchtechniken zu l\u00f6sen und sich stattdessen zu fragen \u2013 und hey, alles darf gedacht werden: Wie motiviere ich die Besucher:innen zum n\u00e4chsten Schritt? W\u00f6rtlich genommen: zum n\u00e4chsten trippel-\/stampf-\/h\u00fcpf-<em>Schritt<\/em>.<\/p>\n\n\n\n<p>Zum Beispiel, indem ich Interessantes aneinanderreihe. Spannung ist Vorw\u00e4rtsbewegung. Interesse bedeutet, sich auf das zu konzentrieren, was ich genau hier und genau jetzt sehe, lese oder h\u00f6re. Sich vertiefen, sich einlassen. Die Vitrine genau studieren, jedes einzelne Objekt.<\/p>\n\n\n\n<p>Interessant! Was kommt als N\u00e4chstes?<\/p>\n","protected":false},"excerpt":{"rendered":"<p>Spannung ist dynamisch. Spannung ist Vorw\u00e4rtsbewegung. Was kommt als N\u00e4chstes? Wie bewege ich die Leser:innen dazu, die Seite umzudrehen, wie die Besucher:innen zum n\u00e4chsten Schritt? Nicht zwingend, sondern um die Entscheidung zu erleichtern. In Filmen wird Spannung oft \u00fcber Handlung produziert. Was passiert als N\u00e4chstes? In Ausstellungen kann das ebenfalls gelingen \u2013 zum Beispiel, indem&hellip; <a class=\"more-link\" href=\"http:\/\/exhibition-telling.com\/?page_id=1222\">Weiterlesen <span class=\"screen-reader-text\">Mit leichten F\u00fc\u00dfen<\/span> <span class=\"meta-nav\" aria-hidden=\"true\">&rarr;<\/span><\/a><\/p>\n","protected":false},"author":1,"featured_media":0,"parent":0,"menu_order":0,"comment_status":"closed","ping_status":"closed","template":"","meta":[],"_links":{"self":[{"href":"http:\/\/exhibition-telling.com\/index.php?rest_route=\/wp\/v2\/pages\/1222"}],"collection":[{"href":"http:\/\/exhibition-telling.com\/index.php?rest_route=\/wp\/v2\/pages"}],"about":[{"href":"http:\/\/exhibition-telling.com\/index.php?rest_route=\/wp\/v2\/types\/page"}],"author":[{"embeddable":true,"href":"http:\/\/exhibition-telling.com\/index.php?rest_route=\/wp\/v2\/users\/1"}],"replies":[{"embeddable":true,"href":"http:\/\/exhibition-telling.com\/index.php?rest_route=%2Fwp%2Fv2%2Fcomments&post=1222"}],"version-history":[{"count":1,"href":"http:\/\/exhibition-telling.com\/index.php?rest_route=\/wp\/v2\/pages\/1222\/revisions"}],"predecessor-version":[{"id":1223,"href":"http:\/\/exhibition-telling.com\/index.php?rest_route=\/wp\/v2\/pages\/1222\/revisions\/1223"}],"wp:attachment":[{"href":"http:\/\/exhibition-telling.com\/index.php?rest_route=%2Fwp%2Fv2%2Fmedia&parent=1222"}],"curies":[{"name":"wp","href":"https:\/\/api.w.org\/{rel}","templated":true}]}}