{"id":691,"date":"2022-07-18T18:14:54","date_gmt":"2022-07-18T16:14:54","guid":{"rendered":"http:\/\/exhibition-telling.com\/?page_id=691"},"modified":"2025-06-17T08:48:37","modified_gmt":"2025-06-17T06:48:37","slug":"buch-book","status":"publish","type":"page","link":"http:\/\/exhibition-telling.com\/?page_id=691","title":{"rendered":"Buch\/Book"},"content":{"rendered":"\n<div class=\"wp-block-image\"><figure class=\"aligncenter size-large is-resized\"><a href=\"http:\/\/exhibition-telling.com\/wp-content\/uploads\/2022\/07\/Cover_Routledge_Karbe.jpg\"><img src=\"http:\/\/exhibition-telling.com\/wp-content\/uploads\/2022\/07\/Cover_Routledge_Karbe-669x1024.jpg\" alt=\"Book cover\" class=\"wp-image-692\" width=\"360\" srcset=\"http:\/\/exhibition-telling.com\/wp-content\/uploads\/2022\/07\/Cover_Routledge_Karbe-669x1024.jpg 669w, http:\/\/exhibition-telling.com\/wp-content\/uploads\/2022\/07\/Cover_Routledge_Karbe-196x300.jpg 196w, http:\/\/exhibition-telling.com\/wp-content\/uploads\/2022\/07\/Cover_Routledge_Karbe-768x1175.jpg 768w, http:\/\/exhibition-telling.com\/wp-content\/uploads\/2022\/07\/Cover_Routledge_Karbe-1004x1536.jpg 1004w, http:\/\/exhibition-telling.com\/wp-content\/uploads\/2022\/07\/Cover_Routledge_Karbe.jpg 1045w\" sizes=\"(max-width: 669px) 100vw, 669px\" \/><\/a><figcaption>ISBN 9780367720438<\/figcaption><\/figure><\/div>\n\n\n\n<p class=\"has-text-align-center has-vivid-red-color has-text-color has-medium-font-size\"><a href=\"https:\/\/bit.ly\/3PwBWSA\">ORDER NOW<\/a><\/p>\n\n\n\n<p class=\"has-text-align-center\">More information: <a href=\"https:\/\/bit.ly\/3PwBWSA\">https:\/\/bit.ly\/3PwBWSA<\/a><\/p>\n\n\n\n<blockquote class=\"wp-block-quote is-style-default\"><p><span class=\"has-inline-color has-luminous-vivid-orange-color\">This book is a thought-provoking and insightful addition to the literature on museum curation, and it has the potential to shape the future of how we experience art in galleries and museums.<\/span><br><sub><em>In: MEDIENwissenschaft: Rezensionen | Reviews, Jg. 41 (2024), Nr. 1<\/em><\/sub><\/p><\/blockquote>\n\n\n\n<p>Als ich vor \u00fcber 20 Jahren begann, als Kuratorin zu arbeiten, wurde es gerade \u00fcblich, Ausstellungen als Narrative zu bezeichnen. Ich war skeptisch. Zwar w\u00e4re es fantastisch, w\u00e4ren Ausstellungen tats\u00e4chlich Geschichten. Denn Inhalte lassen sich wunderbar in Geschichten verpacken. Aber funktionierten Ausstellungen nicht ganz anders als Filme oder Romane? <\/p>\n\n\n\n<p>Die Antwort meiner Forschung, die ich  mit meinem Buch pr\u00e4sentiere, lautet: jein. Es gibt tats\u00e4chlich Unterschiede, aber auch entscheidende Gemeinsamkeiten. Deshalb lassen sich die Drehbuchtechniken, die Filmautor*innen verwenden, um Spannung zu erzeugen, auch f\u00fcr das Kuratieren von Ausstellungen nutzen. Mein Buch zeigt, wie. <\/p>\n\n\n\n<p><em>When I started working as a curator over 20 years ago, it was just becoming common to call exhibitions narratives. I was sceptical. It would be fantastic if exhibitions actually worked like stories because content can be wonderfully wrapped in stories. But did not exhibitions function quite differently from films or novels? <\/em><\/p>\n\n\n\n<p><em>The answer of my research, which I present with my book, is: yes and no. There are indeed differences, but also crucial similarities. That is why the screenwriting techniques that film writers use to create suspense can also be used to curate museum exhibitions. My book explores how.<\/em><\/p>\n\n\n\n<p>#storytelling #suspense #museum #curating #Hollywood #screenwriting #edutainment<\/p>\n\n\n\n<p class=\"has-vivid-red-color has-text-color has-large-font-size\"><strong>Events &amp; more<\/strong><\/p>\n\n\n\n<p class=\"has-black-color has-text-color\"><strong>Rezensionen\/Reviews<\/strong><\/p>\n\n\n\n<p>Rezensionen sind erschienen, in <a href=\"https:\/\/mediarep.org\/server\/api\/core\/bitstreams\/f581b9ef-da74-4b01-977c-f26aa1d91a37\/content\">MEDIENwissenschaft: Rezensionen | Reviews<\/a> (<em>Englisch<\/em>) , in <a href=\"https:\/\/ub31.uni-tuebingen.de\/ojs\/index.php\/zekw\/article\/view\/1170\/1117\">Zeitschrift f\u00fcr Empirische Kulturwissenschaft<\/a> (Journal for Cultural Analysis and European Ethnology) (<em>Deutsch<\/em>) und auf <a href=\"https:\/\/www.h-net.org\/reviews\/showpdf.php?id=60543\">H-Net Reviews<\/a> (<em>Englisch<\/em>). <\/p>\n\n\n\n<p><em>Reviews were published in <a href=\"https:\/\/mediarep.org\/server\/api\/core\/bitstreams\/f581b9ef-da74-4b01-977c-f26aa1d91a37\/content\">MEDIENwissenschaft: Rezensionen | Reviews<\/a><\/em> (<em>English<\/em>), in <a href=\"https:\/\/ub31.uni-tuebingen.de\/ojs\/index.php\/zekw\/article\/view\/1170\/1117\">Zeitschrift f\u00fcr Empirische Kulturwissenschaft<\/a> (Journal for Cultural Analysis and European Ethnology) (<em>German<\/em>) and on <a href=\"https:\/\/www.h-net.org\/reviews\/showpdf.php?id=60543\">H-Net Reviews<\/a> (<em>English<\/em>).<\/p>\n\n\n\n<p class=\"has-black-color has-text-color\"><strong>Buchvorstellung\/Book launch Villa Freisch\u00fctz, Meran\/o<\/strong><\/p>\n\n\n\n<p>Am 13. April 2023 pr\u00e4sentierte ich <em>Museum Exhibitions and Suspense<\/em> in Kooperation mit dem S\u00fcdtiroler Museumsverband in der Villa Freisch\u00fctz in Meran. Marlene Messner, Gesch\u00e4ftsf\u00fchrerin des Verbandes, stellte mir viele spannende Fragen.<\/p>\n\n\n\n<p><em>On 13 April 2023, I presented Museum Exhibitions and Suspense in cooperation with the South Tyrolean Museum Association at Villa Freisch\u00fctz in Merano. Marlene Messner, managing director of the association, asked me exciting questions.<\/em><\/p>\n\n\n\n<figure class=\"wp-block-image size-large\"><a href=\"http:\/\/exhibition-telling.com\/wp-content\/uploads\/2023\/06\/Villa_Freischutz_Buchvorstellung1.jpg\"><img loading=\"lazy\" width=\"945\" height=\"600\" src=\"http:\/\/exhibition-telling.com\/wp-content\/uploads\/2023\/06\/Villa_Freischutz_Buchvorstellung1.jpg\" alt=\"\" class=\"wp-image-787\" srcset=\"http:\/\/exhibition-telling.com\/wp-content\/uploads\/2023\/06\/Villa_Freischutz_Buchvorstellung1.jpg 945w, http:\/\/exhibition-telling.com\/wp-content\/uploads\/2023\/06\/Villa_Freischutz_Buchvorstellung1-300x190.jpg 300w, http:\/\/exhibition-telling.com\/wp-content\/uploads\/2023\/06\/Villa_Freischutz_Buchvorstellung1-768x488.jpg 768w\" sizes=\"(max-width: 945px) 100vw, 945px\" \/><\/a><\/figure>\n\n\n\n<p class=\"has-text-align-center\">Marlene Messner &amp; Ariane Karbe<\/p>\n\n\n\n<p class=\"has-black-color has-text-color\"><strong>Interview<\/strong> (in German)<\/p>\n\n\n\n<p class=\"has-black-color has-text-color\">Aus Anlass der Buchvorstellung f\u00fchrte Elisa Tappeiner ein Interview mit mir f\u00fcr das Radiomagazin von RAI S\u00fcdtirol.<\/p>\n\n\n\n<p class=\"has-black-color has-text-color\"><em>On the occasion of the book launch, Elisa Tappeiner conducted an interview with me for the RAI South Tyrol radio magazine.<\/em><\/p>\n\n\n\n<figure class=\"wp-block-audio aligncenter\"><audio controls src=\"http:\/\/exhibition-telling.com\/wp-content\/uploads\/2023\/06\/RAI_Karbe_Interview_280423-1.mp3\"><\/audio><\/figure>\n\n\n\n<p class=\"has-small-font-size\">Rai S\u00fcdtirol Radiomagazin: Kultur am Freitag vom 28. April 2023 mit Nina Schr\u00f6der<\/p>\n","protected":false},"excerpt":{"rendered":"<p>ORDER NOW More information: https:\/\/bit.ly\/3PwBWSA This book is a thought-provoking and insightful addition to the literature on museum curation, and it has the potential to shape the future of how we experience art in galleries and museums.In: MEDIENwissenschaft: Rezensionen | Reviews, Jg. 41 (2024), Nr. 1 Als ich vor \u00fcber 20 Jahren begann, als Kuratorin&hellip; <a class=\"more-link\" href=\"http:\/\/exhibition-telling.com\/?page_id=691\">Weiterlesen <span class=\"screen-reader-text\">Buch\/Book<\/span> <span class=\"meta-nav\" aria-hidden=\"true\">&rarr;<\/span><\/a><\/p>\n","protected":false},"author":1,"featured_media":0,"parent":0,"menu_order":0,"comment_status":"closed","ping_status":"closed","template":"","meta":[],"_links":{"self":[{"href":"http:\/\/exhibition-telling.com\/index.php?rest_route=\/wp\/v2\/pages\/691"}],"collection":[{"href":"http:\/\/exhibition-telling.com\/index.php?rest_route=\/wp\/v2\/pages"}],"about":[{"href":"http:\/\/exhibition-telling.com\/index.php?rest_route=\/wp\/v2\/types\/page"}],"author":[{"embeddable":true,"href":"http:\/\/exhibition-telling.com\/index.php?rest_route=\/wp\/v2\/users\/1"}],"replies":[{"embeddable":true,"href":"http:\/\/exhibition-telling.com\/index.php?rest_route=%2Fwp%2Fv2%2Fcomments&post=691"}],"version-history":[{"count":37,"href":"http:\/\/exhibition-telling.com\/index.php?rest_route=\/wp\/v2\/pages\/691\/revisions"}],"predecessor-version":[{"id":1152,"href":"http:\/\/exhibition-telling.com\/index.php?rest_route=\/wp\/v2\/pages\/691\/revisions\/1152"}],"wp:attachment":[{"href":"http:\/\/exhibition-telling.com\/index.php?rest_route=%2Fwp%2Fv2%2Fmedia&parent=691"}],"curies":[{"name":"wp","href":"https:\/\/api.w.org\/{rel}","templated":true}]}}