{"id":963,"date":"2025-05-12T07:43:08","date_gmt":"2025-05-12T05:43:08","guid":{"rendered":"http:\/\/exhibition-telling.com\/?page_id=963"},"modified":"2026-05-07T10:26:53","modified_gmt":"2026-05-07T08:26:53","slug":"projekte","status":"publish","type":"page","link":"http:\/\/exhibition-telling.com\/?page_id=963","title":{"rendered":"Projekte\/Projects"},"content":{"rendered":"\n<p class=\"has-small-font-size\">Auswahl \/ <em>Selection<\/em><\/p>\n\n\n\n<h3 class=\"has-luminous-vivid-orange-color has-text-color\">Beratungen<\/h3>\n\n\n\n<p>Zurzeit unterst\u00fctze ich das Team des <em>Museums f\u00fcr Kunst und Gewerbe in Hamburg<\/em> dabei, die Entscheidungsfindung zuk\u00fcnftiger Ausstellungsprojekte zu optimieren. Auch daf\u00fcr nutze ich die Kraft des Geschichtenerz\u00e4hlens. <\/p>\n\n\n\n<p><em>Currently, I support the team at the <\/em>Museum f\u00fcr Kunst und Gewerbe Hamburg<em> in optimizing decision-making processes for future exhibition projects. To do so, I also draw on the power of storytelling.<\/em><\/p>\n\n\n\n<p>Als Mitglied eines Expertinnenteams beriet ich das <em>Museum des Klosters St. Johann in M\u00fcstair<\/em> bei der Entwicklung der neuen Dauerausstellung. \u00dcber diesen ersten Beratungsauftrag in der Schweiz freute ich mich sehr. <\/p>\n\n\n\n<p><em>As a member of a team of experts, I advised the <\/em>Museum of the Convent of St. John in M\u00fcstair<em> on the development of its new permanent exhibition. I was very pleased about this first consulting assignment in Switzerland.<\/em><\/p>\n\n\n\n<p>Ich entwickelte die Dramaturgie einer Ausstellung \u00fcber sexualisierte Gewalterfahrungen. Seit dem 17. November 2025 ist &#8222;Meine Oma, meiner Mutter und ich&#8220; im <em>Meraner Frauenmuseum<\/em> zu sehen.<\/p>\n\n\n\n<p><em>I developed the dramaturgy for an exhibition on experiences of sexualized violence. Since 17 November 2025 &#8218;<em>My Grandma, My Mother and I<\/em>&#8218; has been on view at the <\/em>Merano Women\u2019s Museum<em>.<\/em><\/p>\n\n\n\n<p>Den <em>&#8222;Erinnerungsort Ihnestra\u00dfe&#8220;<\/em>, Berlin, beriet ich dramaturgisch bei der Konzeption der Dauerausstellung. <\/p>\n\n\n\n<p><em>I  provided dramaturgical support to the <\/em>&#8218;Erinnerungsort Ihnestra\u00dfe&#8216;,<em> Berlin, in the conception of the permanent exhibition.<\/em><\/p>\n\n\n\n<p>Den <em>Korea-Verband e.V.<\/em>, Berlin, beriet ich bei der Realisierung seiner Dauerausstellung \u00fcber die sogenannten Trostfrauen und bei seiner Beteiligung an der Ausstellung &#8222;Sprachlosigkeit &#8211; Das laute Verstummen&#8220;, die im Japanischen Palais in Dresden gezeigt wurde. <\/p>\n\n\n\n<p><em>I advised the <\/em>Korea-Verband e.V.<em>, Berlin, on the realisation of its permanent exhibition on the so-called comfort women and on its participation in the exhibition &#8218;Wordless &#8211; Falling Silent Loudly&#8216; in Dresden.<\/em><\/p>\n\n\n\n<p>Ich half dem <em>Frauenmuseum, Meran<\/em>, und dem <em>Museum f\u00fcr Haustierkunde &#8222;Julius K\u00fchn&#8220;<\/em>, Halle, bei der Neukonzeption ihrer Dauerausstellungen. <\/p>\n\n\n\n<p><em>For instance, I assisted the <\/em>Women&#8217;s Museum, Merano<em>, and the <\/em>Museum for Domestic Animals Julius K\u00fchn, Halle,<em> dramaturgically with revising their permanent exhibitions.<\/em><\/p>\n\n\n\n<h3 class=\"has-luminous-vivid-orange-color has-text-color\">Ausstellungen \/ Exhibitions<\/h3>\n\n\n\n<p>F\u00fcr das <em>Kloster Muri-Gries in Bozen<\/em> entwickele ich zurzeit einen Ausstellungsrundgang zum 1000-j\u00e4hrigen Jubil\u00e4um. Der Rundgang wird von dramatischen Tief- und H\u00f6hepunkten erz\u00e4hlen, aber auch Impulse zum Innehalten bieten. Die Er\u00f6ffnung ist f\u00fcr M\u00e4rz 2027 geplant.<\/p>\n\n\n\n<p><em>I am currently developing an exhibition parcours for the 1,000th anniversary of <\/em>Kloster Muri-Gries<em>. The sequence of exhibition stations throughout the monastery will tell a story marked by dramatic lows and highs, while also offering moments for pause and reflection. The opening is planned for March 2027.<\/em><\/p>\n\n\n\n<p>Auch die Ausstellung, die ich gerade (gemeinsam mit Timothy Koella) f\u00fcr die <em>Villa Freisch\u00fctz<\/em> erarbeite, soll im Fr\u00fchjahr 2027 er\u00f6ffnet werden. Dieses Mal steht die Tochter des Sammlers Franz Fromm im Mittelpunkt: Zoila Fromm. Es geht um ihren Traum, K\u00fcnstlerin zu werden &#8211; und um die Frage: was ist das \u00fcberhaupt, Kunst?<\/p>\n\n\n\n<p><em>The exhibition that I am currently developing together with Timothy Koella for <\/em>Villa Freisch\u00fctz<em> is also scheduled to open in spring 2027. This time, the focus is on the collector Franz Fromm\u2019s daughter, Zoila Fromm. The exhibition explores her dream of becoming an artist \u2014 and the question: what is art, after all?<\/em><\/p>\n\n\n\n<p>Bis zum 31.7.2026 l\u00e4uft noch die Ausstellung &#8222;Die andere Seite&#8220; im <em>Hausmuseum Villa Freisch\u00fctz in Meran<\/em>. Das Projekt ist Teil des Euregio-Museumsjahres anl\u00e4sslich der Bauernkriege vor 500 Jahren. Gemeinsam mit Hannes Obermair erforschte ich hierf\u00fcr die Verflechtung der Villa Freisch\u00fctz mit dem Salpeterhandel im 19. Jahrhundert, Stichpunkt: soziale Gerechtigkeit.<\/p>\n\n\n\n<p class=\"has-black-color has-text-color\">In diesem <a href=\"https:\/\/www.youtube.com\/watch?v=MMpjtXTPUZ8\">Interview<\/a> erz\u00e4hle ich mehr dazu.<\/p>\n\n\n\n<p><em>The exhibition &#8218;The Other Side&#8216; view at the house museum <\/em>Villa Freisch\u00fctz <em>until 31 July 2026. The project is part of the Euregio Museum Year, commemorating the Peasants\u2019 Wars 500 years ago. Together with Hannes Obermair, I explored the Villa Freisch\u00fctz\u2019s entanglement with the 19th-century saltpeter trade \u2014 keyword: social justice.<\/em><\/p>\n\n\n\n<p>F\u00fcr das <em>Dorfmuseum f\u00fcr Sakrale Kunst in Aldein<\/em> konzipierte ich die Dauerausstellung neu &#8211; im Mai 2024 war die Er\u00f6ffnung. <\/p>\n\n\n\n<p><em>I redesigned the permanent exhibition of the <\/em>Village Museum for Sacred Art in Aldein<em> &#8211; the opening was in May 2024.<\/em> <\/p>\n\n\n\n<p>Im Rahmen des Euregio Museumsjahres 2021 realisierte ich, ebenfalls gemeinsam mit Hannes Obermair, f\u00fcr das <em>Hausmuseum Villa Freisch\u00fctz<\/em> das Projekt &#8222;Der \u00e4thiopische Mantel&#8220;.<\/p>\n\n\n\n<p><em>I realised, again together with Hannes Obermair, the project &#8222;The Ethiopian Cloak&#8220; for <\/em>Villa Freisch\u00fctz<em> as part of the Euregio Museum Year 2021.<\/em><\/p>\n\n\n\n<h3 class=\"has-luminous-vivid-orange-color has-text-color\">Podcast \/ Audioguides \/ Film<\/h3>\n\n\n\n<p>Der <a href=\"https:\/\/www.villafreischuetz.org\/der-mantel\/podcast\/\">Podcast<\/a> &#8222;Der \u00c4thiopische Mantel&#8220;, den ich f\u00fcr die <em>Villa Freisch\u00fctz <\/em>entwickelt und geschrieben habe, hat einen DigAMusAward gewonnen.<\/p>\n\n\n\n<p><em>The <a href=\"https:\/\/www.villafreischuetz.org\/2021\/09\/07\/folge-1-der-aethiopischer-mantel\/\">podcast<\/a> &#8218;The Ethiopia Cloak&#8216; which I developed and wrote for <\/em>Villa Freisch\u00fctz<em> won a DigAMusAward.<\/em><\/p>\n\n\n\n<p>F\u00fcr das <em>Museum Ladin<\/em> schrieb ich Audioguides durch die Dauerausstellung f\u00fcr Kinder und Erwachsene und F\u00fchrungen. Inspiriert durch die reiche ladinische Sagenwelt.<\/p>\n\n\n\n<p><em>For the <\/em>Museum Ladin<em> I wrote audio guides through the permanent exhibition for children and adults and guided tours.<\/em> <\/p>\n\n\n\n<p>F\u00fcr die <em>Villa Freisch\u00fctz<\/em> realisierte ich einen Audioguide durch die Dauerausstellung. 3 Akte, eigens komponierte Musik und eine junge Frau, die sich fragt: gehen oder bleiben?<\/p>\n\n\n\n<p><em>For <\/em>Villa Freisch\u00fctz<em>, I created an audio guide for the permanent exhibition: three acts, specially composed music, and a young woman asking herself: leave or stay?<\/em><\/p>\n\n\n\n<p>Im Auftrag von Duncan McCauley schrieb ich das Drehbuch f\u00fcr drei Filmstationen in der neuen Dauerausstellung &#8222;Eisenbahn: Revolution und Alltag&#8220; des <em>Deutschen Technikmuseums<\/em>.<\/p>\n\n\n\n<p><em>I was commissioned by Duncan McCauley to write the script for three film stations in the new permanent exhibition &#8218;Railway: Revolution and Everyday Life&#8216; at the <\/em>German Museum of Technology<em>.<\/em><\/p>\n","protected":false},"excerpt":{"rendered":"<p>Auswahl \/ Selection Beratungen Zurzeit unterst\u00fctze ich das Team des Museums f\u00fcr Kunst und Gewerbe in Hamburg dabei, die Entscheidungsfindung zuk\u00fcnftiger Ausstellungsprojekte zu optimieren. Auch daf\u00fcr nutze ich die Kraft des Geschichtenerz\u00e4hlens. Currently, I support the team at the Museum f\u00fcr Kunst und Gewerbe Hamburg in optimizing decision-making processes for future exhibition projects. To do&hellip; <a class=\"more-link\" href=\"http:\/\/exhibition-telling.com\/?page_id=963\">Weiterlesen <span class=\"screen-reader-text\">Projekte\/Projects<\/span> <span class=\"meta-nav\" aria-hidden=\"true\">&rarr;<\/span><\/a><\/p>\n","protected":false},"author":1,"featured_media":0,"parent":0,"menu_order":0,"comment_status":"closed","ping_status":"closed","template":"","meta":[],"_links":{"self":[{"href":"http:\/\/exhibition-telling.com\/index.php?rest_route=\/wp\/v2\/pages\/963"}],"collection":[{"href":"http:\/\/exhibition-telling.com\/index.php?rest_route=\/wp\/v2\/pages"}],"about":[{"href":"http:\/\/exhibition-telling.com\/index.php?rest_route=\/wp\/v2\/types\/page"}],"author":[{"embeddable":true,"href":"http:\/\/exhibition-telling.com\/index.php?rest_route=\/wp\/v2\/users\/1"}],"replies":[{"embeddable":true,"href":"http:\/\/exhibition-telling.com\/index.php?rest_route=%2Fwp%2Fv2%2Fcomments&post=963"}],"version-history":[{"count":35,"href":"http:\/\/exhibition-telling.com\/index.php?rest_route=\/wp\/v2\/pages\/963\/revisions"}],"predecessor-version":[{"id":1312,"href":"http:\/\/exhibition-telling.com\/index.php?rest_route=\/wp\/v2\/pages\/963\/revisions\/1312"}],"wp:attachment":[{"href":"http:\/\/exhibition-telling.com\/index.php?rest_route=%2Fwp%2Fv2%2Fmedia&parent=963"}],"curies":[{"name":"wp","href":"https:\/\/api.w.org\/{rel}","templated":true}]}}